{"id":2555,"date":"2015-06-03T16:39:19","date_gmt":"2015-06-03T20:39:19","guid":{"rendered":"http:\/\/trois-soixante.test\/online-marketing-strategy\/"},"modified":"2015-06-03T16:39:19","modified_gmt":"2015-06-03T20:39:19","slug":"online-marketing-strategy","status":"publish","type":"page","link":"https:\/\/www.trois-soixante.com\/en\/services\/analysis-strategy\/online-marketing-strategy\/","title":{"rendered":"Online marketing strategy"},"content":{"rendered":"<p>To be able to exploit the full power of the web for your business, establishing a good strategy is crucial. Our team at Trois-Soixante analyzes every aspect of our clients\u2019 industries and deploys our expertise to develop custom strategic plans that are innovative, actionable and measurable.<\/p>\n<p>Our senior marketing strategists have profound knowledge of how companies work, and specialist competence in defining, analyzing and mapping out target markets and competitive environments. The results from our research and numerous analyses are used to establish growth goals and a clear and measurable action plan to be able to reach them. Working out an online marketing strategy includes, among other things, the following:<\/p>\n<ul>\n<li>Complete analysis of the current situation and identification of opportunities<\/li>\n<li>Development of innovative strategies adapted to client needs and goals<\/li>\n<li>Definition of clear and measurable action plans that will help you reach your company objectives<\/li>\n<\/ul>\n","protected":false},"excerpt":{"rendered":"<p>De par l\u2019omnipr\u00e9sence du Web dans le quotidien des gens, l&#8217;identit\u00e9 en ligne d\u2019une entreprise est non seulement un moyen d&#8217;attirer l&#8217;attention des clients potentiels, mais aussi d&#8217;asseoir sa notori\u00e9t\u00e9 et sa cr\u00e9dibilit\u00e9 aupr\u00e8s des partenaires commerciaux ou institutionnels.<\/p>\n","protected":false},"author":1,"featured_media":0,"parent":2547,"menu_order":0,"comment_status":"open","ping_status":"open","template":"page-service-single.php","meta":{"_acf_changed":false,"footnotes":""},"class_list":["post-2555","page","type-page","status-publish","hentry"],"acf":[],"yoast_head":"<!-- This site is optimized with the Yoast SEO plugin v27.3 - https:\/\/yoast.com\/product\/yoast-seo-wordpress\/ -->\n<title>Online marketing strategy - Trois-Soixante<\/title>\n<meta name=\"robots\" content=\"index, follow, max-snippet:-1, max-image-preview:large, max-video-preview:-1\" \/>\n<link rel=\"canonical\" href=\"https:\/\/www.trois-soixante.com\/en\/services\/analysis-strategy\/online-marketing-strategy\/\" \/>\n<meta property=\"og:locale\" content=\"en_US\" \/>\n<meta property=\"og:type\" content=\"article\" \/>\n<meta property=\"og:title\" content=\"Online marketing strategy - Trois-Soixante\" \/>\n<meta property=\"og:description\" content=\"De par l\u2019omnipr\u00e9sence du Web dans le quotidien des gens, l&#039;identit\u00e9 en ligne d\u2019une entreprise est non seulement un moyen d&#039;attirer l&#039;attention des clients potentiels, mais aussi d&#039;asseoir sa notori\u00e9t\u00e9 et sa cr\u00e9dibilit\u00e9 aupr\u00e8s des partenaires commerciaux ou institutionnels.\" \/>\n<meta property=\"og:url\" content=\"https:\/\/www.trois-soixante.com\/en\/services\/analysis-strategy\/online-marketing-strategy\/\" \/>\n<meta property=\"og:site_name\" content=\"Trois-Soixante\" \/>\n<meta name=\"twitter:card\" content=\"summary_large_image\" \/>\n<meta name=\"twitter:label1\" content=\"Est. reading time\" \/>\n\t<meta name=\"twitter:data1\" content=\"1 minute\" \/>\n<script type=\"application\/ld+json\" class=\"yoast-schema-graph\">{\"@context\":\"https:\\\/\\\/schema.org\",\"@graph\":[{\"@type\":\"WebPage\",\"@id\":\"https:\\\/\\\/www.trois-soixante.com\\\/en\\\/services\\\/analysis-strategy\\\/online-marketing-strategy\\\/\",\"url\":\"https:\\\/\\\/www.trois-soixante.com\\\/en\\\/services\\\/analysis-strategy\\\/online-marketing-strategy\\\/\",\"name\":\"Online marketing strategy - Trois-Soixante\",\"isPartOf\":{\"@id\":\"https:\\\/\\\/www.trois-soixante.com\\\/en\\\/#website\"},\"datePublished\":\"2015-06-03T20:39:19+00:00\",\"breadcrumb\":{\"@id\":\"https:\\\/\\\/www.trois-soixante.com\\\/en\\\/services\\\/analysis-strategy\\\/online-marketing-strategy\\\/#breadcrumb\"},\"inLanguage\":\"en-US\",\"potentialAction\":[{\"@type\":\"ReadAction\",\"target\":[\"https:\\\/\\\/www.trois-soixante.com\\\/en\\\/services\\\/analysis-strategy\\\/online-marketing-strategy\\\/\"]}]},{\"@type\":\"BreadcrumbList\",\"@id\":\"https:\\\/\\\/www.trois-soixante.com\\\/en\\\/services\\\/analysis-strategy\\\/online-marketing-strategy\\\/#breadcrumb\",\"itemListElement\":[{\"@type\":\"ListItem\",\"position\":1,\"name\":\"Accueil\",\"item\":\"https:\\\/\\\/www.trois-soixante.com\\\/en\\\/\"},{\"@type\":\"ListItem\",\"position\":2,\"name\":\"Services\",\"item\":\"https:\\\/\\\/www.trois-soixante.com\\\/en\\\/services\\\/\"},{\"@type\":\"ListItem\",\"position\":3,\"name\":\"Analysis &#038; Strategy\",\"item\":\"https:\\\/\\\/www.trois-soixante.com\\\/en\\\/services\\\/analysis-strategy\\\/\"},{\"@type\":\"ListItem\",\"position\":4,\"name\":\"Online marketing strategy\"}]},{\"@type\":\"WebSite\",\"@id\":\"https:\\\/\\\/www.trois-soixante.com\\\/en\\\/#website\",\"url\":\"https:\\\/\\\/www.trois-soixante.com\\\/en\\\/\",\"name\":\"Trois-Soixante\",\"description\":\"We develop and deploy profitable online-marketing strategies.\",\"potentialAction\":[{\"@type\":\"SearchAction\",\"target\":{\"@type\":\"EntryPoint\",\"urlTemplate\":\"https:\\\/\\\/www.trois-soixante.com\\\/en\\\/?s={search_term_string}\"},\"query-input\":{\"@type\":\"PropertyValueSpecification\",\"valueRequired\":true,\"valueName\":\"search_term_string\"}}],\"inLanguage\":\"en-US\"}]}<\/script>\n<!-- \/ Yoast SEO plugin. -->","yoast_head_json":{"title":"Online marketing strategy - Trois-Soixante","robots":{"index":"index","follow":"follow","max-snippet":"max-snippet:-1","max-image-preview":"max-image-preview:large","max-video-preview":"max-video-preview:-1"},"canonical":"https:\/\/www.trois-soixante.com\/en\/services\/analysis-strategy\/online-marketing-strategy\/","og_locale":"en_US","og_type":"article","og_title":"Online marketing strategy - Trois-Soixante","og_description":"De par l\u2019omnipr\u00e9sence du Web dans le quotidien des gens, l'identit\u00e9 en ligne d\u2019une entreprise est non seulement un moyen d'attirer l'attention des clients potentiels, mais aussi d'asseoir sa notori\u00e9t\u00e9 et sa cr\u00e9dibilit\u00e9 aupr\u00e8s des partenaires commerciaux ou institutionnels.","og_url":"https:\/\/www.trois-soixante.com\/en\/services\/analysis-strategy\/online-marketing-strategy\/","og_site_name":"Trois-Soixante","twitter_card":"summary_large_image","twitter_misc":{"Est. reading time":"1 minute"},"schema":{"@context":"https:\/\/schema.org","@graph":[{"@type":"WebPage","@id":"https:\/\/www.trois-soixante.com\/en\/services\/analysis-strategy\/online-marketing-strategy\/","url":"https:\/\/www.trois-soixante.com\/en\/services\/analysis-strategy\/online-marketing-strategy\/","name":"Online marketing strategy - Trois-Soixante","isPartOf":{"@id":"https:\/\/www.trois-soixante.com\/en\/#website"},"datePublished":"2015-06-03T20:39:19+00:00","breadcrumb":{"@id":"https:\/\/www.trois-soixante.com\/en\/services\/analysis-strategy\/online-marketing-strategy\/#breadcrumb"},"inLanguage":"en-US","potentialAction":[{"@type":"ReadAction","target":["https:\/\/www.trois-soixante.com\/en\/services\/analysis-strategy\/online-marketing-strategy\/"]}]},{"@type":"BreadcrumbList","@id":"https:\/\/www.trois-soixante.com\/en\/services\/analysis-strategy\/online-marketing-strategy\/#breadcrumb","itemListElement":[{"@type":"ListItem","position":1,"name":"Accueil","item":"https:\/\/www.trois-soixante.com\/en\/"},{"@type":"ListItem","position":2,"name":"Services","item":"https:\/\/www.trois-soixante.com\/en\/services\/"},{"@type":"ListItem","position":3,"name":"Analysis &#038; Strategy","item":"https:\/\/www.trois-soixante.com\/en\/services\/analysis-strategy\/"},{"@type":"ListItem","position":4,"name":"Online marketing strategy"}]},{"@type":"WebSite","@id":"https:\/\/www.trois-soixante.com\/en\/#website","url":"https:\/\/www.trois-soixante.com\/en\/","name":"Trois-Soixante","description":"We develop and deploy profitable online-marketing strategies.","potentialAction":[{"@type":"SearchAction","target":{"@type":"EntryPoint","urlTemplate":"https:\/\/www.trois-soixante.com\/en\/?s={search_term_string}"},"query-input":{"@type":"PropertyValueSpecification","valueRequired":true,"valueName":"search_term_string"}}],"inLanguage":"en-US"}]}},"_links":{"self":[{"href":"https:\/\/www.trois-soixante.com\/en\/wp-json\/wp\/v2\/pages\/2555","targetHints":{"allow":["GET"]}}],"collection":[{"href":"https:\/\/www.trois-soixante.com\/en\/wp-json\/wp\/v2\/pages"}],"about":[{"href":"https:\/\/www.trois-soixante.com\/en\/wp-json\/wp\/v2\/types\/page"}],"author":[{"embeddable":true,"href":"https:\/\/www.trois-soixante.com\/en\/wp-json\/wp\/v2\/users\/1"}],"replies":[{"embeddable":true,"href":"https:\/\/www.trois-soixante.com\/en\/wp-json\/wp\/v2\/comments?post=2555"}],"version-history":[{"count":0,"href":"https:\/\/www.trois-soixante.com\/en\/wp-json\/wp\/v2\/pages\/2555\/revisions"}],"up":[{"embeddable":true,"href":"https:\/\/www.trois-soixante.com\/en\/wp-json\/wp\/v2\/pages\/2547"}],"wp:attachment":[{"href":"https:\/\/www.trois-soixante.com\/en\/wp-json\/wp\/v2\/media?parent=2555"}],"curies":[{"name":"wp","href":"https:\/\/api.w.org\/{rel}","templated":true}]}}